{"id":4724,"date":"2023-12-14T00:56:14","date_gmt":"2023-12-13T23:56:14","guid":{"rendered":"https:\/\/wiesengrundberwang.com\/berwang-im-winter-2"},"modified":"2024-09-09T16:39:26","modified_gmt":"2024-09-09T14:39:26","slug":"berwang-im-winter-2","status":"publish","type":"page","link":"https:\/\/wiesengrundberwang.com\/de\/berwang-im-winter-2","title":{"rendered":"Berwang im Winter"},"content":{"rendered":"<p><div class=\"fusion-fullwidth fullwidth-box fusion-builder-row-1 fusion-flex-container has-pattern-background has-mask-background nonhundred-percent-fullwidth non-hundred-percent-height-scrolling\" style=\"--awb-border-radius-top-left:0px;--awb-border-radius-top-right:0px;--awb-border-radius-bottom-right:0px;--awb-border-radius-bottom-left:0px;--awb-flex-wrap:wrap;\" ><div class=\"fusion-builder-row fusion-row fusion-flex-align-items-flex-start fusion-flex-content-wrap\" style=\"max-width:1144px;margin-left: calc(-4% \/ 2 );margin-right: calc(-4% \/ 2 );\"><div class=\"fusion-layout-column fusion_builder_column fusion-builder-column-0 fusion_builder_column_1_1 1_1 fusion-flex-column\" style=\"--awb-bg-size:cover;--awb-width-large:100%;--awb-margin-top-large:0px;--awb-spacing-right-large:1.92%;--awb-margin-bottom-large:20px;--awb-spacing-left-large:1.92%;--awb-width-medium:100%;--awb-order-medium:0;--awb-spacing-right-medium:1.92%;--awb-spacing-left-medium:1.92%;--awb-width-small:100%;--awb-order-small:0;--awb-spacing-right-small:1.92%;--awb-spacing-left-small:1.92%;\"><div class=\"fusion-column-wrapper fusion-column-has-shadow fusion-flex-justify-content-flex-start fusion-content-layout-column\"><div class=\"fusion-separator fusion-full-width-sep\" style=\"align-self: center;margin-left: auto;margin-right: auto;margin-top:75px;margin-bottom:75px;width:100%;\"><div class=\"fusion-separator-border sep-double\" style=\"--awb-height:20px;--awb-amount:20px;--awb-sep-color:#333333;border-color:#333333;border-top-width:1px;border-bottom-width:1px;\"><\/div><\/div><\/div><\/div><\/div><\/div><div class=\"fusion-fullwidth fullwidth-box fusion-builder-row-2 fusion-parallax-none nonhundred-percent-fullwidth non-hundred-percent-height-scrolling\" style=\"--awb-border-radius-top-left:0px;--awb-border-radius-top-right:0px;--awb-border-radius-bottom-right:0px;--awb-border-radius-bottom-left:0px;--awb-background-image:url(&quot;https:\/\/wiesengrundberwang.com\/wp-content\/uploads\/2023\/12\/51029-51043-sfeer-min-scaled.jpg&quot;);--awb-background-size:cover;--awb-flex-wrap:wrap;\" ><div class=\"fusion-builder-row fusion-row\"><div class=\"fusion-layout-column fusion_builder_column fusion-builder-column-1 fusion_builder_column_1_1 1_1 fusion-one-full fusion-column-first fusion-column-last\" style=\"--awb-bg-size:cover;\"><div class=\"fusion-column-wrapper fusion-column-has-shadow fusion-flex-column-wrapper-legacy\"><div class=\"fusion-sep-clear\"><\/div><div class=\"fusion-separator fusion-full-width-sep\" style=\"margin-left: auto;margin-right: auto;margin-top:100px;margin-bottom:100px;width:100%;\"><\/div><div class=\"fusion-sep-clear\"><\/div><div class=\"fusion-text fusion-text-1 fusion-animated\" style=\"--awb-font-size:50px;--awb-text-transform:none;--awb-text-color:#c5a643;\" data-animationType=\"fadeInLeft\" data-animationDuration=\"0.7\" data-animationOffset=\"top-into-view\"><p style=\"text-align: center;\"><strong>Berwang im Winter<\/strong><\/p>\n<\/div><div class=\"fusion-sep-clear\"><\/div><div class=\"fusion-separator fusion-full-width-sep\" style=\"margin-left: auto;margin-right: auto;margin-top:100px;margin-bottom:100px;width:100%;\"><\/div><div class=\"fusion-sep-clear\"><\/div><div class=\"fusion-clearfix\"><\/div><\/div><\/div><\/div><\/div><div class=\"fusion-fullwidth fullwidth-box fusion-builder-row-3 fusion-flex-container nonhundred-percent-fullwidth non-hundred-percent-height-scrolling\" style=\"--awb-border-radius-top-left:0px;--awb-border-radius-top-right:0px;--awb-border-radius-bottom-right:0px;--awb-border-radius-bottom-left:0px;--awb-flex-wrap:wrap;\" ><div class=\"fusion-builder-row fusion-row fusion-flex-align-items-flex-start fusion-flex-content-wrap\" style=\"max-width:1144px;margin-left: calc(-4% \/ 2 );margin-right: calc(-4% \/ 2 );\"><div class=\"fusion-layout-column fusion_builder_column fusion-builder-column-2 fusion_builder_column_1_1 1_1 fusion-flex-column\" style=\"--awb-bg-size:cover;--awb-width-large:100%;--awb-margin-top-large:0px;--awb-spacing-right-large:1.92%;--awb-margin-bottom-large:20px;--awb-spacing-left-large:1.92%;--awb-width-medium:100%;--awb-order-medium:0;--awb-spacing-right-medium:1.92%;--awb-spacing-left-medium:1.92%;--awb-width-small:100%;--awb-order-small:0;--awb-spacing-right-small:1.92%;--awb-spacing-left-small:1.92%;\"><div class=\"fusion-column-wrapper fusion-column-has-shadow fusion-flex-justify-content-flex-start fusion-content-layout-column\"><div class=\"fusion-text fusion-text-2\" style=\"--awb-margin-top:30px;--awb-margin-right:50px;--awb-margin-left:50px;\"><p><span style=\"color: #c5a643; font-size: 20px; font-family: Asul; font-weight: 400;\" data-fusion-font=\"true\" data-fusion-google-font=\"Asul\" data-fusion-google-variant=\"400\">Berwang im Winter<\/span><\/p>\n<p style=\"color: #ffffff;\">Berwang&#8230; Das winterliche Familienparadies! Berwang ist ein Dorf in Tirol, einem Bundesland in \u00d6sterreich. Es ist das h\u00f6chstgelegene Dorf in der Zugspitz Arena und liegt auf rund 1.300 Metern. Von hier aus haben Sie einen herrlichen Panoramablick auf die Zugspitze. Berwang befindet sich an einem Hang. Es gibt daher keine wirkliche Durchgangsstra\u00dfe durch den Ort, so dass nur sehr wenig Verkehr vorhanden ist. Dadurch atmet das Dorf absolute Ruhe und Gelassenheit. Gastfreundschaft hat in Berwang Tradition. Superm\u00e4rkte, Apr\u00e8s-Ski-Bars und Restaurants sind alle zu Fu\u00df erreichbar.<\/p>\n<\/div><div class=\"fusion-text fusion-text-3\" style=\"--awb-margin-top:15px;--awb-margin-right:50px;--awb-margin-left:50px;\"><p><span style=\"color: #c5a643; font-family: Asul; font-weight: 400; font-size: 20px;\" data-fusion-font=\"true\" data-fusion-google-font=\"Asul\" data-fusion-google-variant=\"400\">Erstes Skigebiet Nordtirols<\/span><\/p>\n<p style=\"color: #ffffff;\">Das Skigebiet von Berwang, auch bekannt als Skiarena Bergwang, erstreckt sich von 1336 bis 1740 Metern und ist damit sehr schneesicher. Diese Schneesicherheit wird dadurch erh\u00f6ht, dass Schneekanonen bis ins Tal hinein aufgestellt sind. Die Skipisten f\u00fchren direkt in den Ort hinein. Skifahren in Berwang und Umgebung bedeutet Abwechslung und unvergesslichen Schneespa\u00df! Vom Anf\u00e4nger bis zum fortgeschrittenen Skifahrer&#8230; Es gibt Pisten f\u00fcr alle.<\/p>\n<\/div><div class=\"fusion-text fusion-text-4\" style=\"--awb-margin-top:15px;--awb-margin-right:50px;--awb-margin-left:50px;\"><p style=\"color: #c5a643; font-size: 20px; font-family: Asul; font-weight: 400;\" data-fusion-font=\"true\" data-fusion-google-font=\"Asul\" data-fusion-google-variant=\"400\">Tiroler Zugspitz Arena<\/p>\n<p style=\"color: #ffffff;\">Die Tiroler Zugspitz Arena, in der sich Berwang befindet, bietet Ihnen nicht weniger als sieben wundersch\u00f6ne Skigebiete. Berwang Gebiet erz\u00e4hlen. Insgesamt sind die Pisten 139 km lang. Darin enthalten sind 93 km Kunstschnee. Alle Gebiete sind mit einem der 28 vorhandenen Lifte schnell zu erreichen. Skibus oder Auto. Von anspruchsvollen Abfahrten bis hin zu einer sch\u00f6nen Sonnenterrasse. Die Pisten im Gebiet der Zugspitz Arena lassen wirklich keine W\u00fcnsche offen!<\/p>\n<\/div><div class=\"fusion-text fusion-text-5\" style=\"--awb-margin-top:15px;--awb-margin-right:50px;--awb-margin-left:50px;\"><p>&lt;p style=&#8220;color: #c5a643; font-size: 20px; font-family: Asul; font-weight: 400;&#8220; data-fusion-font=&#8220;true&#8220; data-fusion-google-font=&#8220;Asul&#8220; data-fusion-google-variant=&#8220;400&#8243;&gt;(Winter-)Alternativen&lt;\/p&gt;<br \/>\n&lt;p style=&#8220;color: #ffffff;&#8220;&gt;Neben dem Skispa\u00df gibt es viele andere (Winter-)Alternativen. Zum Beispiel bietet dieses Gebiet ausgezeichnete Langlaufm\u00f6glichkeiten, Winterwanderungen, Eislaufen, Rodeln, Skishows. Auch diejenigen in Ihrer Reisegruppe, die nicht Ski fahren, werden sich hier sicher wohlf\u00fchlen. Viele Restaurants sind f\u00fcr Wanderer zug\u00e4nglich und bringen Skifahrer und Nichtskifahrer wieder zusammen. Die sch\u00f6n gespurte Langlaufloipe verl\u00e4uft direkt neben unserem Haus und hat f\u00fcr jedes Niveau die richtige Spur.&lt;\/p&gt;<\/p>\n<\/div><\/div><\/div><\/div><\/div><div class=\"fusion-fullwidth fullwidth-box fusion-builder-row-4 fusion-flex-container nonhundred-percent-fullwidth non-hundred-percent-height-scrolling\" style=\"--awb-border-radius-top-left:0px;--awb-border-radius-top-right:0px;--awb-border-radius-bottom-right:0px;--awb-border-radius-bottom-left:0px;--awb-flex-wrap:wrap;\" ><div class=\"fusion-builder-row fusion-row fusion-flex-align-items-flex-start fusion-flex-content-wrap\" style=\"max-width:1144px;margin-left: calc(-4% \/ 2 );margin-right: calc(-4% \/ 2 );\"><div class=\"fusion-layout-column fusion_builder_column fusion-builder-column-3 fusion_builder_column_1_3 1_3 fusion-flex-column\" style=\"--awb-bg-size:cover;--awb-width-large:33.333333333333%;--awb-margin-top-large:0px;--awb-spacing-right-large:5.76%;--awb-margin-bottom-large:20px;--awb-spacing-left-large:5.76%;--awb-width-medium:100%;--awb-order-medium:0;--awb-spacing-right-medium:1.92%;--awb-spacing-left-medium:1.92%;--awb-width-small:100%;--awb-order-small:0;--awb-spacing-right-small:1.92%;--awb-spacing-left-small:1.92%;\"><div class=\"fusion-column-wrapper fusion-column-has-shadow fusion-flex-justify-content-flex-start fusion-content-layout-column\"><div class=\"fusion-image-element \" style=\"--awb-caption-title-font-family:var(--h2_typography-font-family);--awb-caption-title-font-weight:var(--h2_typography-font-weight);--awb-caption-title-font-style:var(--h2_typography-font-style);--awb-caption-title-size:var(--h2_typography-font-size);--awb-caption-title-transform:var(--h2_typography-text-transform);--awb-caption-title-line-height:var(--h2_typography-line-height);--awb-caption-title-letter-spacing:var(--h2_typography-letter-spacing);\"><span class=\" fusion-imageframe imageframe-none imageframe-1 hover-type-none\"><img decoding=\"async\" width=\"750\" height=\"500\" title=\"omgeving-Dorp-medium\" src=\"https:\/\/wiesengrundberwang.com\/wp-content\/uploads\/2019\/05\/omgeving-Dorp-medium.jpg\" alt class=\"img-responsive wp-image-3551\" srcset=\"https:\/\/wiesengrundberwang.com\/wp-content\/uploads\/2019\/05\/omgeving-Dorp-medium-200x133.jpg 200w, https:\/\/wiesengrundberwang.com\/wp-content\/uploads\/2019\/05\/omgeving-Dorp-medium-400x267.jpg 400w, https:\/\/wiesengrundberwang.com\/wp-content\/uploads\/2019\/05\/omgeving-Dorp-medium-600x400.jpg 600w, https:\/\/wiesengrundberwang.com\/wp-content\/uploads\/2019\/05\/omgeving-Dorp-medium.jpg 750w\" sizes=\"(max-width: 1024px) 100vw, (max-width: 640px) 100vw, 400px\" \/><\/span><\/div><\/div><\/div><div class=\"fusion-layout-column fusion_builder_column fusion-builder-column-4 fusion_builder_column_1_3 1_3 fusion-flex-column\" style=\"--awb-bg-size:cover;--awb-width-large:33.333333333333%;--awb-margin-top-large:0px;--awb-spacing-right-large:5.76%;--awb-margin-bottom-large:20px;--awb-spacing-left-large:5.76%;--awb-width-medium:100%;--awb-order-medium:0;--awb-spacing-right-medium:1.92%;--awb-spacing-left-medium:1.92%;--awb-width-small:100%;--awb-order-small:0;--awb-spacing-right-small:1.92%;--awb-spacing-left-small:1.92%;\"><div class=\"fusion-column-wrapper fusion-column-has-shadow fusion-flex-justify-content-flex-start fusion-content-layout-column\"><div class=\"fusion-image-element \" style=\"--awb-caption-title-font-family:var(--h2_typography-font-family);--awb-caption-title-font-weight:var(--h2_typography-font-weight);--awb-caption-title-font-style:var(--h2_typography-font-style);--awb-caption-title-size:var(--h2_typography-font-size);--awb-caption-title-transform:var(--h2_typography-text-transform);--awb-caption-title-line-height:var(--h2_typography-line-height);--awb-caption-title-letter-spacing:var(--h2_typography-letter-spacing);\"><span class=\" fusion-imageframe imageframe-none imageframe-2 hover-type-none\"><img decoding=\"async\" width=\"2560\" height=\"1932\" title=\"2023 website panoramo huis\" src=\"https:\/\/wiesengrundberwang.com\/wp-content\/uploads\/2023\/12\/2023-website-panoramo-huis-scaled.jpg\" alt class=\"img-responsive wp-image-4639\" srcset=\"https:\/\/wiesengrundberwang.com\/wp-content\/uploads\/2023\/12\/2023-website-panoramo-huis-200x151.jpg 200w, https:\/\/wiesengrundberwang.com\/wp-content\/uploads\/2023\/12\/2023-website-panoramo-huis-400x302.jpg 400w, https:\/\/wiesengrundberwang.com\/wp-content\/uploads\/2023\/12\/2023-website-panoramo-huis-600x453.jpg 600w, https:\/\/wiesengrundberwang.com\/wp-content\/uploads\/2023\/12\/2023-website-panoramo-huis-800x604.jpg 800w, https:\/\/wiesengrundberwang.com\/wp-content\/uploads\/2023\/12\/2023-website-panoramo-huis-1200x906.jpg 1200w, https:\/\/wiesengrundberwang.com\/wp-content\/uploads\/2023\/12\/2023-website-panoramo-huis-scaled.jpg 2560w\" sizes=\"(max-width: 1024px) 100vw, (max-width: 640px) 100vw, 400px\" \/><\/span><\/div><\/div><\/div><div class=\"fusion-layout-column fusion_builder_column fusion-builder-column-5 fusion_builder_column_1_3 1_3 fusion-flex-column\" style=\"--awb-bg-size:cover;--awb-width-large:33.333333333333%;--awb-margin-top-large:0px;--awb-spacing-right-large:5.76%;--awb-margin-bottom-large:20px;--awb-spacing-left-large:5.76%;--awb-width-medium:100%;--awb-order-medium:0;--awb-spacing-right-medium:1.92%;--awb-spacing-left-medium:1.92%;--awb-width-small:100%;--awb-order-small:0;--awb-spacing-right-small:1.92%;--awb-spacing-left-small:1.92%;\"><div class=\"fusion-column-wrapper fusion-column-has-shadow fusion-flex-justify-content-flex-start fusion-content-layout-column\"><div class=\"fusion-image-element \" style=\"--awb-caption-title-font-family:var(--h2_typography-font-family);--awb-caption-title-font-weight:var(--h2_typography-font-weight);--awb-caption-title-font-style:var(--h2_typography-font-style);--awb-caption-title-size:var(--h2_typography-font-size);--awb-caption-title-transform:var(--h2_typography-text-transform);--awb-caption-title-line-height:var(--h2_typography-line-height);--awb-caption-title-letter-spacing:var(--h2_typography-letter-spacing);\"><span class=\" fusion-imageframe imageframe-none imageframe-3 hover-type-none\"><img decoding=\"async\" width=\"2560\" height=\"1707\" title=\"REHALL_Photography_2019_WWS_26-min\" src=\"https:\/\/wiesengrundberwang.com\/wp-content\/uploads\/2023\/12\/REHALL_Photography_2019_WWS_26-min-scaled.jpg\" alt class=\"img-responsive wp-image-4657\" srcset=\"https:\/\/wiesengrundberwang.com\/wp-content\/uploads\/2023\/12\/REHALL_Photography_2019_WWS_26-min-200x133.jpg 200w, https:\/\/wiesengrundberwang.com\/wp-content\/uploads\/2023\/12\/REHALL_Photography_2019_WWS_26-min-400x267.jpg 400w, https:\/\/wiesengrundberwang.com\/wp-content\/uploads\/2023\/12\/REHALL_Photography_2019_WWS_26-min-600x400.jpg 600w, https:\/\/wiesengrundberwang.com\/wp-content\/uploads\/2023\/12\/REHALL_Photography_2019_WWS_26-min-800x533.jpg 800w, https:\/\/wiesengrundberwang.com\/wp-content\/uploads\/2023\/12\/REHALL_Photography_2019_WWS_26-min-1200x800.jpg 1200w, https:\/\/wiesengrundberwang.com\/wp-content\/uploads\/2023\/12\/REHALL_Photography_2019_WWS_26-min-scaled.jpg 2560w\" sizes=\"(max-width: 1024px) 100vw, (max-width: 640px) 100vw, 400px\" \/><\/span><\/div><\/div><\/div><\/div><\/div><\/p>\n","protected":false},"excerpt":{"rendered":"","protected":false},"author":9,"featured_media":0,"parent":0,"menu_order":0,"comment_status":"closed","ping_status":"closed","template":"100-width.php","meta":{"footnotes":""},"class_list":["post-4724","page","type-page","status-publish","hentry"],"yoast_head":"<!-- This site is optimized with the Yoast SEO plugin v27.2 - https:\/\/yoast.com\/product\/yoast-seo-wordpress\/ -->\n<title>Berwang im Winter | Aparthotels Berwang Tirol Haus Cornelia Haus Wiesengrund<\/title>\n<meta name=\"robots\" content=\"index, follow, max-snippet:-1, max-image-preview:large, max-video-preview:-1\" \/>\n<link rel=\"canonical\" href=\"https:\/\/wiesengrundberwang.com\/de\/berwang-im-winter-2\" \/>\n<meta property=\"og:locale\" content=\"de_DE\" \/>\n<meta property=\"og:type\" content=\"article\" \/>\n<meta property=\"og:title\" content=\"Berwang im Winter | Aparthotels Berwang Tirol Haus Cornelia Haus Wiesengrund\" \/>\n<meta property=\"og:url\" content=\"https:\/\/wiesengrundberwang.com\/de\/berwang-im-winter-2\" \/>\n<meta property=\"og:site_name\" content=\"Aparthotels Berwang Tirol Haus Cornelia Haus Wiesengrund\" \/>\n<meta property=\"article:publisher\" content=\"https:\/\/home\/ahberwang\/domains\/wiesengrundberwang.com\/public_html.facebook.com\/LandhausCornelia\" \/>\n<meta property=\"article:modified_time\" content=\"2024-09-09T14:39:26+00:00\" \/>\n<meta name=\"twitter:card\" content=\"summary_large_image\" \/>\n<meta name=\"twitter:label1\" content=\"Gesch\u00e4tzte Lesezeit\" \/>\n\t<meta name=\"twitter:data1\" content=\"3\u00a0Minuten\" \/>\n<script type=\"application\/ld+json\" class=\"yoast-schema-graph\">{\"@context\":\"https:\/\/schema.org\",\"@graph\":[{\"@type\":\"WebPage\",\"@id\":\"https:\/\/wiesengrundberwang.com\/de\/berwang-im-winter-2\",\"url\":\"https:\/\/wiesengrundberwang.com\/de\/berwang-im-winter-2\",\"name\":\"Berwang im Winter | Aparthotels Berwang Tirol Haus Cornelia Haus Wiesengrund\",\"isPartOf\":{\"@id\":\"https:\/\/wiesengrundberwang.com\/#website\"},\"datePublished\":\"2023-12-13T23:56:14+00:00\",\"dateModified\":\"2024-09-09T14:39:26+00:00\",\"breadcrumb\":{\"@id\":\"https:\/\/wiesengrundberwang.com\/de\/berwang-im-winter-2#breadcrumb\"},\"inLanguage\":\"de\",\"potentialAction\":[{\"@type\":\"ReadAction\",\"target\":[\"https:\/\/wiesengrundberwang.com\/de\/berwang-im-winter-2\"]}]},{\"@type\":\"BreadcrumbList\",\"@id\":\"https:\/\/wiesengrundberwang.com\/de\/berwang-im-winter-2#breadcrumb\",\"itemListElement\":[{\"@type\":\"ListItem\",\"position\":1,\"name\":\"Home\",\"item\":\"https:\/\/wiesengrundberwang.com\/de\"},{\"@type\":\"ListItem\",\"position\":2,\"name\":\"Berwang im Winter\"}]},{\"@type\":\"WebSite\",\"@id\":\"https:\/\/wiesengrundberwang.com\/#website\",\"url\":\"https:\/\/wiesengrundberwang.com\/\",\"name\":\"Aparthotels Berwang Tirol Haus Cornelia Haus Wiesengrund\",\"description\":\"Aparthotels Berwang Tirol Haus Cornelia Haus Wiesengrund\",\"publisher\":{\"@id\":\"https:\/\/wiesengrundberwang.com\/#organization\"},\"potentialAction\":[{\"@type\":\"SearchAction\",\"target\":{\"@type\":\"EntryPoint\",\"urlTemplate\":\"https:\/\/wiesengrundberwang.com\/?s={search_term_string}\"},\"query-input\":{\"@type\":\"PropertyValueSpecification\",\"valueRequired\":true,\"valueName\":\"search_term_string\"}}],\"inLanguage\":\"de\"},{\"@type\":\"Organization\",\"@id\":\"https:\/\/wiesengrundberwang.com\/#organization\",\"name\":\"Apart Hotels Berwang\",\"url\":\"https:\/\/wiesengrundberwang.com\/\",\"logo\":{\"@type\":\"ImageObject\",\"inLanguage\":\"de\",\"@id\":\"https:\/\/wiesengrundberwang.com\/#\/schema\/logo\/image\/\",\"url\":\"https:\/\/wiesengrundberwang.com\/wp-content\/uploads\/2016\/02\/logo-ferien-idyll.jpg\",\"contentUrl\":\"https:\/\/wiesengrundberwang.com\/wp-content\/uploads\/2016\/02\/logo-ferien-idyll.jpg\",\"width\":287,\"height\":240,\"caption\":\"Apart Hotels Berwang\"},\"image\":{\"@id\":\"https:\/\/wiesengrundberwang.com\/#\/schema\/logo\/image\/\"},\"sameAs\":[\"https:\/\/home\/ahberwang\/domains\/wiesengrundberwang.com\/public_html.facebook.com\/LandhausCornelia\",\"https:\/\/home\/ahberwang\/domains\/wiesengrundberwang.com\/public_html.linkedin.com\/in\/jankees-dekker-28aa662b\"]}]}<\/script>\n<!-- \/ Yoast SEO plugin. -->","yoast_head_json":{"title":"Berwang im Winter | Aparthotels Berwang Tirol Haus Cornelia Haus Wiesengrund","robots":{"index":"index","follow":"follow","max-snippet":"max-snippet:-1","max-image-preview":"max-image-preview:large","max-video-preview":"max-video-preview:-1"},"canonical":"https:\/\/wiesengrundberwang.com\/de\/berwang-im-winter-2","og_locale":"de_DE","og_type":"article","og_title":"Berwang im Winter | Aparthotels Berwang Tirol Haus Cornelia Haus Wiesengrund","og_url":"https:\/\/wiesengrundberwang.com\/de\/berwang-im-winter-2","og_site_name":"Aparthotels Berwang Tirol Haus Cornelia Haus Wiesengrund","article_publisher":"https:\/\/home\/ahberwang\/domains\/wiesengrundberwang.com\/public_html.facebook.com\/LandhausCornelia","article_modified_time":"2024-09-09T14:39:26+00:00","twitter_card":"summary_large_image","twitter_misc":{"Gesch\u00e4tzte Lesezeit":"3\u00a0Minuten"},"schema":{"@context":"https:\/\/schema.org","@graph":[{"@type":"WebPage","@id":"https:\/\/wiesengrundberwang.com\/de\/berwang-im-winter-2","url":"https:\/\/wiesengrundberwang.com\/de\/berwang-im-winter-2","name":"Berwang im Winter | Aparthotels Berwang Tirol Haus Cornelia Haus Wiesengrund","isPartOf":{"@id":"https:\/\/wiesengrundberwang.com\/#website"},"datePublished":"2023-12-13T23:56:14+00:00","dateModified":"2024-09-09T14:39:26+00:00","breadcrumb":{"@id":"https:\/\/wiesengrundberwang.com\/de\/berwang-im-winter-2#breadcrumb"},"inLanguage":"de","potentialAction":[{"@type":"ReadAction","target":["https:\/\/wiesengrundberwang.com\/de\/berwang-im-winter-2"]}]},{"@type":"BreadcrumbList","@id":"https:\/\/wiesengrundberwang.com\/de\/berwang-im-winter-2#breadcrumb","itemListElement":[{"@type":"ListItem","position":1,"name":"Home","item":"https:\/\/wiesengrundberwang.com\/de"},{"@type":"ListItem","position":2,"name":"Berwang im Winter"}]},{"@type":"WebSite","@id":"https:\/\/wiesengrundberwang.com\/#website","url":"https:\/\/wiesengrundberwang.com\/","name":"Aparthotels Berwang Tirol Haus Cornelia Haus Wiesengrund","description":"Aparthotels Berwang Tirol Haus Cornelia Haus Wiesengrund","publisher":{"@id":"https:\/\/wiesengrundberwang.com\/#organization"},"potentialAction":[{"@type":"SearchAction","target":{"@type":"EntryPoint","urlTemplate":"https:\/\/wiesengrundberwang.com\/?s={search_term_string}"},"query-input":{"@type":"PropertyValueSpecification","valueRequired":true,"valueName":"search_term_string"}}],"inLanguage":"de"},{"@type":"Organization","@id":"https:\/\/wiesengrundberwang.com\/#organization","name":"Apart Hotels Berwang","url":"https:\/\/wiesengrundberwang.com\/","logo":{"@type":"ImageObject","inLanguage":"de","@id":"https:\/\/wiesengrundberwang.com\/#\/schema\/logo\/image\/","url":"https:\/\/wiesengrundberwang.com\/wp-content\/uploads\/2016\/02\/logo-ferien-idyll.jpg","contentUrl":"https:\/\/wiesengrundberwang.com\/wp-content\/uploads\/2016\/02\/logo-ferien-idyll.jpg","width":287,"height":240,"caption":"Apart Hotels Berwang"},"image":{"@id":"https:\/\/wiesengrundberwang.com\/#\/schema\/logo\/image\/"},"sameAs":["https:\/\/home\/ahberwang\/domains\/wiesengrundberwang.com\/public_html.facebook.com\/LandhausCornelia","https:\/\/home\/ahberwang\/domains\/wiesengrundberwang.com\/public_html.linkedin.com\/in\/jankees-dekker-28aa662b"]}]}},"_links":{"self":[{"href":"https:\/\/wiesengrundberwang.com\/de\/wp-json\/wp\/v2\/pages\/4724","targetHints":{"allow":["GET"]}}],"collection":[{"href":"https:\/\/wiesengrundberwang.com\/de\/wp-json\/wp\/v2\/pages"}],"about":[{"href":"https:\/\/wiesengrundberwang.com\/de\/wp-json\/wp\/v2\/types\/page"}],"author":[{"embeddable":true,"href":"https:\/\/wiesengrundberwang.com\/de\/wp-json\/wp\/v2\/users\/9"}],"replies":[{"embeddable":true,"href":"https:\/\/wiesengrundberwang.com\/de\/wp-json\/wp\/v2\/comments?post=4724"}],"version-history":[{"count":7,"href":"https:\/\/wiesengrundberwang.com\/de\/wp-json\/wp\/v2\/pages\/4724\/revisions"}],"predecessor-version":[{"id":5150,"href":"https:\/\/wiesengrundberwang.com\/de\/wp-json\/wp\/v2\/pages\/4724\/revisions\/5150"}],"wp:attachment":[{"href":"https:\/\/wiesengrundberwang.com\/de\/wp-json\/wp\/v2\/media?parent=4724"}],"curies":[{"name":"wp","href":"https:\/\/api.w.org\/{rel}","templated":true}]}}