{"id":4703,"date":"2023-12-14T00:44:38","date_gmt":"2023-12-13T23:44:38","guid":{"rendered":"https:\/\/wiesengrundberwang.com\/berwang-im-sommer-2"},"modified":"2024-09-09T16:39:54","modified_gmt":"2024-09-09T14:39:54","slug":"berwang-im-sommer-2","status":"publish","type":"page","link":"https:\/\/wiesengrundberwang.com\/de\/berwang-im-sommer-2","title":{"rendered":"Berwang im Sommer"},"content":{"rendered":"<p><div class=\"fusion-fullwidth fullwidth-box fusion-builder-row-1 fusion-flex-container has-pattern-background has-mask-background nonhundred-percent-fullwidth non-hundred-percent-height-scrolling\" style=\"--awb-border-radius-top-left:0px;--awb-border-radius-top-right:0px;--awb-border-radius-bottom-right:0px;--awb-border-radius-bottom-left:0px;--awb-flex-wrap:wrap;\" ><div class=\"fusion-builder-row fusion-row fusion-flex-align-items-flex-start fusion-flex-content-wrap\" style=\"max-width:1144px;margin-left: calc(-4% \/ 2 );margin-right: calc(-4% \/ 2 );\"><div class=\"fusion-layout-column fusion_builder_column fusion-builder-column-0 fusion_builder_column_1_1 1_1 fusion-flex-column\" style=\"--awb-bg-size:cover;--awb-width-large:100%;--awb-margin-top-large:0px;--awb-spacing-right-large:1.92%;--awb-margin-bottom-large:20px;--awb-spacing-left-large:1.92%;--awb-width-medium:100%;--awb-order-medium:0;--awb-spacing-right-medium:1.92%;--awb-spacing-left-medium:1.92%;--awb-width-small:100%;--awb-order-small:0;--awb-spacing-right-small:1.92%;--awb-spacing-left-small:1.92%;\"><div class=\"fusion-column-wrapper fusion-column-has-shadow fusion-flex-justify-content-flex-start fusion-content-layout-column\"><div class=\"fusion-separator fusion-full-width-sep\" style=\"align-self: center;margin-left: auto;margin-right: auto;margin-top:75px;margin-bottom:75px;width:100%;\"><div class=\"fusion-separator-border sep-double\" style=\"--awb-height:20px;--awb-amount:20px;--awb-sep-color:#333333;border-color:#333333;border-top-width:1px;border-bottom-width:1px;\"><\/div><\/div><\/div><\/div><\/div><\/div><div class=\"fusion-fullwidth fullwidth-box fusion-builder-row-2 fusion-parallax-none nonhundred-percent-fullwidth non-hundred-percent-height-scrolling\" style=\"--awb-border-radius-top-left:0px;--awb-border-radius-top-right:0px;--awb-border-radius-bottom-right:0px;--awb-border-radius-bottom-left:0px;--awb-background-image:url(&quot;https:\/\/wiesengrundberwang.com\/wp-content\/uploads\/2023\/11\/IMG_4686-scaled.jpg&quot;);--awb-background-size:cover;--awb-flex-wrap:wrap;\" ><div class=\"fusion-builder-row fusion-row\"><div class=\"fusion-layout-column fusion_builder_column fusion-builder-column-1 fusion_builder_column_1_1 1_1 fusion-one-full fusion-column-first fusion-column-last\" style=\"--awb-bg-size:cover;\"><div class=\"fusion-column-wrapper fusion-column-has-shadow fusion-flex-column-wrapper-legacy\"><div class=\"fusion-sep-clear\"><\/div><div class=\"fusion-separator fusion-full-width-sep\" style=\"margin-left: auto;margin-right: auto;margin-top:100px;margin-bottom:100px;width:100%;\"><\/div><div class=\"fusion-sep-clear\"><\/div><div class=\"fusion-text fusion-text-1 fusion-animated\" style=\"--awb-font-size:50px;--awb-text-transform:none;--awb-text-color:#c5a643;\" data-animationType=\"fadeInLeft\" data-animationDuration=\"0.7\" data-animationOffset=\"top-into-view\"><p style=\"text-align: center;\"><strong>Berwang im Sommer<\/strong><\/p>\n<\/div><div class=\"fusion-sep-clear\"><\/div><div class=\"fusion-separator fusion-full-width-sep\" style=\"margin-left: auto;margin-right: auto;margin-top:100px;margin-bottom:100px;width:100%;\"><\/div><div class=\"fusion-sep-clear\"><\/div><div class=\"fusion-clearfix\"><\/div><\/div><\/div><\/div><\/div><div class=\"fusion-fullwidth fullwidth-box fusion-builder-row-3 fusion-flex-container nonhundred-percent-fullwidth non-hundred-percent-height-scrolling\" style=\"--awb-border-radius-top-left:0px;--awb-border-radius-top-right:0px;--awb-border-radius-bottom-right:0px;--awb-border-radius-bottom-left:0px;--awb-flex-wrap:wrap;\" ><div class=\"fusion-builder-row fusion-row fusion-flex-align-items-flex-start fusion-flex-content-wrap\" style=\"max-width:1144px;margin-left: calc(-4% \/ 2 );margin-right: calc(-4% \/ 2 );\"><div class=\"fusion-layout-column fusion_builder_column fusion-builder-column-2 fusion_builder_column_1_1 1_1 fusion-flex-column\" style=\"--awb-bg-size:cover;--awb-width-large:100%;--awb-margin-top-large:0px;--awb-spacing-right-large:1.92%;--awb-margin-bottom-large:20px;--awb-spacing-left-large:1.92%;--awb-width-medium:100%;--awb-order-medium:0;--awb-spacing-right-medium:1.92%;--awb-spacing-left-medium:1.92%;--awb-width-small:100%;--awb-order-small:0;--awb-spacing-right-small:1.92%;--awb-spacing-left-small:1.92%;\"><div class=\"fusion-column-wrapper fusion-column-has-shadow fusion-flex-justify-content-flex-start fusion-content-layout-column\"><div class=\"fusion-text fusion-text-2\" style=\"--awb-margin-top:30px;--awb-margin-right:50px;--awb-margin-left:50px;\"><p><span style=\"color: #c5a643; font-size: 20px; font-family: Asul; font-weight: 400;\" data-fusion-font=\"true\" data-fusion-google-font=\"Asul\" data-fusion-google-variant=\"400\">Berwang im Sommer<\/span><\/p>\n<p style=\"color: rgb(255, 255, 255);\">Berwang&#8230; Idyllische Natur in der H\u00f6he. Berwang ist ideal geeignet f\u00fcr einen herrlichen Sommerurlaub. Das Klima in dieser H\u00f6henlage (ca. 1300 m) bietet angenehme Temperaturen und die Umgebung ist wirklich idyllisch. Lichte W\u00e4lder, hohe Gipfel, bunte Alpenblumenwiesen und der Blick auf die Zugspitze. Ein Urlaub in Berwang l\u00e4sst Sie den Alltag f\u00fcr eine Weile vergessen.<\/span><\/p>\n<\/div><div class=\"fusion-text fusion-text-3\" style=\"--awb-margin-top:15px;--awb-margin-right:50px;--awb-margin-left:50px;\"><p><span style=\"color: #c5a643; font-family: Asul; font-weight: 400; font-size: 20px;\" data-fusion-font=\"true\" data-fusion-google-font=\"Asul\" data-fusion-google-variant=\"400\"> Bergsteigen <\/span><\/p>\n<p style=\"color: #ffffff;\"><span style=\"background-color: rgba(255, 255, 255, 0); color: rgb(255, 255, 255); font-family: var(--body_typography-font-family); font-size: var(--body_typography-font-size); font-style: var(--body_typography-font-style,normal); font-weight: var(--body_typography-font-weight); letter-spacing: var(--body_typography-letter-spacing);\">Die Region Berwang ist eine der f\u00fchrenden Regionen \u00d6sterreichs, wenn es um das Mountainbiken geht. Fans dieser Sportart kommen daher auch auf den verschiedenen Routen in der Region voll auf ihre Kosten. Nicht nur Radfahrer, sondern auch Wanderer k\u00f6nnen hier die idyllische Natur genie\u00dfen. Die vielen Wanderwege bieten wundersch\u00f6ne Ausblicke \u00fcber bunte Almwiesen.<\/span><\/p>\n<\/div><div class=\"fusion-text fusion-text-4\" style=\"--awb-margin-top:15px;--awb-margin-right:50px;--awb-margin-left:50px;\"><p style=\"color: #c5a643; font-size: 20px; font-family: Asul; font-weight: 400;\" data-fusion-font=\"true\" data-fusion-google-font=\"Asul\" data-fusion-google-variant=\"400\">Aktivit\u00e4ten f\u00fcr Jung und Alt<\/p>\n<p style=\"color: #ffffff;\"><span style=\"background-color: rgba(255, 255, 255, 0); color: rgb(255, 255, 255); font-family: var(--body_typography-font-family); font-size: var(--body_typography-font-size); font-style: var(--body_typography-font-style,normal); font-weight: var(--body_typography-font-weight); letter-spacing: var(--body_typography-letter-spacing);\">F\u00fcr Wagemutige, Golfer oder Wassersportler gibt es in der Umgebung viele M\u00f6glichkeiten. Die ganze Familie kann hier alle m\u00f6glichen Ausfl\u00fcge in der Umgebung unternehmen. Weitere Informationen finden Sie in unseren Tipps und Tricks. Mit einem Sommerurlaub in Berwang k\u00f6nnen Sie sicher sein, dass Sie sich keinen Moment langweilen werden. Mit unserer G\u00e4stekarte k\u00f6nnen Sie ein Z-Ticket kaufen.<\/p>\n<p>Das Z-Ticket ist eine Vorteilskarte f\u00fcr die gesamte Tiroler Zugspitz Arena, mit der Sie verschiedene Seilbahnen und Busse, (Frei-)B\u00e4der, Aktivit\u00e4ten und eine Schifffahrt kostenlos nutzen k\u00f6nnen. Sie k\u00f6nnen auch einmal kostenlos auf die Zugspitze fahren!<\/span><\/p>\n<p>F\u00fcr Wagemutige, Golfer oder Wassersportler gibt es in der Umgebung viele M\u00f6glichkeiten. Die ganze Familie kann hier alle m\u00f6glichen Ausfl\u00fcge in der Umgebung unternehmen. Weitere Informationen finden Sie in unseren Tipps und Tricks. Mit einem Sommerurlaub in Berwang k\u00f6nnen Sie sicher sein, dass Sie sich keinen Moment langweilen werden. Mit unserer G\u00e4stekarte k\u00f6nnen Sie ein Z-Ticket kaufen.<\/p>\n<p>Das Z-Ticket ist eine Vorteilskarte f\u00fcr die gesamte Tiroler Zugspitz Arena, mit der Sie verschiedene Seilbahnen und Busse, (Frei-)B\u00e4der, Aktivit\u00e4ten und eine Schifffahrt kostenlos nutzen k\u00f6nnen. Sie k\u00f6nnen auch einmal kostenlos auf die Zugspitze fahren!<\/p>\n<\/div><\/div><\/div><\/div><\/div><div class=\"fusion-fullwidth fullwidth-box fusion-builder-row-4 fusion-flex-container nonhundred-percent-fullwidth non-hundred-percent-height-scrolling\" style=\"--awb-border-radius-top-left:0px;--awb-border-radius-top-right:0px;--awb-border-radius-bottom-right:0px;--awb-border-radius-bottom-left:0px;--awb-flex-wrap:wrap;\" ><div class=\"fusion-builder-row fusion-row fusion-flex-align-items-flex-start fusion-flex-content-wrap\" style=\"max-width:1144px;margin-left: calc(-4% \/ 2 );margin-right: calc(-4% \/ 2 );\"><div class=\"fusion-layout-column fusion_builder_column fusion-builder-column-3 fusion_builder_column_1_3 1_3 fusion-flex-column\" style=\"--awb-bg-size:cover;--awb-width-large:33.333333333333%;--awb-margin-top-large:0px;--awb-spacing-right-large:5.76%;--awb-margin-bottom-large:20px;--awb-spacing-left-large:5.76%;--awb-width-medium:100%;--awb-order-medium:0;--awb-spacing-right-medium:1.92%;--awb-spacing-left-medium:1.92%;--awb-width-small:100%;--awb-order-small:0;--awb-spacing-right-small:1.92%;--awb-spacing-left-small:1.92%;\"><div class=\"fusion-column-wrapper fusion-column-has-shadow fusion-flex-justify-content-flex-start fusion-content-layout-column\"><div class=\"fusion-image-element \" style=\"--awb-caption-title-font-family:var(--h2_typography-font-family);--awb-caption-title-font-weight:var(--h2_typography-font-weight);--awb-caption-title-font-style:var(--h2_typography-font-style);--awb-caption-title-size:var(--h2_typography-font-size);--awb-caption-title-transform:var(--h2_typography-text-transform);--awb-caption-title-line-height:var(--h2_typography-line-height);--awb-caption-title-letter-spacing:var(--h2_typography-letter-spacing);\"><span class=\" fusion-imageframe imageframe-none imageframe-1 hover-type-none\"><img decoding=\"async\" width=\"2500\" height=\"1669\" title=\"LOEK QUADFLIEG__Syo van Vliet_29014_MR\" src=\"https:\/\/wiesengrundberwang.com\/wp-content\/uploads\/2023\/12\/LOEK-QUADFLIEG__Syo-van-Vliet_29014_MR.jpeg\" alt class=\"img-responsive wp-image-4661\" srcset=\"https:\/\/wiesengrundberwang.com\/wp-content\/uploads\/2023\/12\/LOEK-QUADFLIEG__Syo-van-Vliet_29014_MR-200x134.jpeg 200w, https:\/\/wiesengrundberwang.com\/wp-content\/uploads\/2023\/12\/LOEK-QUADFLIEG__Syo-van-Vliet_29014_MR-400x267.jpeg 400w, https:\/\/wiesengrundberwang.com\/wp-content\/uploads\/2023\/12\/LOEK-QUADFLIEG__Syo-van-Vliet_29014_MR-600x401.jpeg 600w, https:\/\/wiesengrundberwang.com\/wp-content\/uploads\/2023\/12\/LOEK-QUADFLIEG__Syo-van-Vliet_29014_MR-800x534.jpeg 800w, https:\/\/wiesengrundberwang.com\/wp-content\/uploads\/2023\/12\/LOEK-QUADFLIEG__Syo-van-Vliet_29014_MR-1200x801.jpeg 1200w, https:\/\/wiesengrundberwang.com\/wp-content\/uploads\/2023\/12\/LOEK-QUADFLIEG__Syo-van-Vliet_29014_MR.jpeg 2500w\" sizes=\"(max-width: 1024px) 100vw, (max-width: 640px) 100vw, 400px\" \/><\/span><\/div><\/div><\/div><div class=\"fusion-layout-column fusion_builder_column fusion-builder-column-4 fusion_builder_column_1_3 1_3 fusion-flex-column\" style=\"--awb-bg-size:cover;--awb-width-large:33.333333333333%;--awb-margin-top-large:0px;--awb-spacing-right-large:5.76%;--awb-margin-bottom-large:20px;--awb-spacing-left-large:5.76%;--awb-width-medium:100%;--awb-order-medium:0;--awb-spacing-right-medium:1.92%;--awb-spacing-left-medium:1.92%;--awb-width-small:100%;--awb-order-small:0;--awb-spacing-right-small:1.92%;--awb-spacing-left-small:1.92%;\"><div class=\"fusion-column-wrapper fusion-column-has-shadow fusion-flex-justify-content-flex-start fusion-content-layout-column\"><div class=\"fusion-image-element \" style=\"--awb-caption-title-font-family:var(--h2_typography-font-family);--awb-caption-title-font-weight:var(--h2_typography-font-weight);--awb-caption-title-font-style:var(--h2_typography-font-style);--awb-caption-title-size:var(--h2_typography-font-size);--awb-caption-title-transform:var(--h2_typography-text-transform);--awb-caption-title-line-height:var(--h2_typography-line-height);--awb-caption-title-letter-spacing:var(--h2_typography-letter-spacing);\"><span class=\" fusion-imageframe imageframe-none imageframe-2 hover-type-none\"><img decoding=\"async\" width=\"2560\" height=\"1920\" title=\"IMG_0990\" src=\"https:\/\/wiesengrundberwang.com\/wp-content\/uploads\/2023\/11\/IMG_0990-scaled.jpg\" alt class=\"img-responsive wp-image-4562\" srcset=\"https:\/\/wiesengrundberwang.com\/wp-content\/uploads\/2023\/11\/IMG_0990-200x150.jpg 200w, https:\/\/wiesengrundberwang.com\/wp-content\/uploads\/2023\/11\/IMG_0990-400x300.jpg 400w, https:\/\/wiesengrundberwang.com\/wp-content\/uploads\/2023\/11\/IMG_0990-600x450.jpg 600w, https:\/\/wiesengrundberwang.com\/wp-content\/uploads\/2023\/11\/IMG_0990-800x600.jpg 800w, https:\/\/wiesengrundberwang.com\/wp-content\/uploads\/2023\/11\/IMG_0990-1200x900.jpg 1200w, https:\/\/wiesengrundberwang.com\/wp-content\/uploads\/2023\/11\/IMG_0990-scaled.jpg 2560w\" sizes=\"(max-width: 1024px) 100vw, (max-width: 640px) 100vw, 400px\" \/><\/span><\/div><\/div><\/div><div class=\"fusion-layout-column fusion_builder_column fusion-builder-column-5 fusion_builder_column_1_3 1_3 fusion-flex-column\" style=\"--awb-bg-size:cover;--awb-width-large:33.333333333333%;--awb-margin-top-large:0px;--awb-spacing-right-large:5.76%;--awb-margin-bottom-large:20px;--awb-spacing-left-large:5.76%;--awb-width-medium:100%;--awb-order-medium:0;--awb-spacing-right-medium:1.92%;--awb-spacing-left-medium:1.92%;--awb-width-small:100%;--awb-order-small:0;--awb-spacing-right-small:1.92%;--awb-spacing-left-small:1.92%;\"><div class=\"fusion-column-wrapper fusion-column-has-shadow fusion-flex-justify-content-flex-start fusion-content-layout-column\"><div class=\"fusion-image-element \" style=\"--awb-caption-title-font-family:var(--h2_typography-font-family);--awb-caption-title-font-weight:var(--h2_typography-font-weight);--awb-caption-title-font-style:var(--h2_typography-font-style);--awb-caption-title-size:var(--h2_typography-font-size);--awb-caption-title-transform:var(--h2_typography-text-transform);--awb-caption-title-line-height:var(--h2_typography-line-height);--awb-caption-title-letter-spacing:var(--h2_typography-letter-spacing);\"><span class=\" fusion-imageframe imageframe-none imageframe-3 hover-type-none\"><img decoding=\"async\" width=\"2560\" height=\"1707\" title=\"OLYMPUS DIGITAL CAMERA\" src=\"https:\/\/wiesengrundberwang.com\/wp-content\/uploads\/2023\/11\/IMG_8067-scaled.jpg\" alt class=\"img-responsive wp-image-4565\" srcset=\"https:\/\/wiesengrundberwang.com\/wp-content\/uploads\/2023\/11\/IMG_8067-200x133.jpg 200w, https:\/\/wiesengrundberwang.com\/wp-content\/uploads\/2023\/11\/IMG_8067-400x267.jpg 400w, https:\/\/wiesengrundberwang.com\/wp-content\/uploads\/2023\/11\/IMG_8067-600x400.jpg 600w, https:\/\/wiesengrundberwang.com\/wp-content\/uploads\/2023\/11\/IMG_8067-800x533.jpg 800w, https:\/\/wiesengrundberwang.com\/wp-content\/uploads\/2023\/11\/IMG_8067-1200x800.jpg 1200w, https:\/\/wiesengrundberwang.com\/wp-content\/uploads\/2023\/11\/IMG_8067-scaled.jpg 2560w\" sizes=\"(max-width: 1024px) 100vw, (max-width: 640px) 100vw, 400px\" \/><\/span><\/div><\/div><\/div><\/div><\/div><\/p>\n","protected":false},"excerpt":{"rendered":"","protected":false},"author":9,"featured_media":0,"parent":0,"menu_order":0,"comment_status":"closed","ping_status":"closed","template":"100-width.php","meta":{"footnotes":""},"class_list":["post-4703","page","type-page","status-publish","hentry"],"yoast_head":"<!-- This site is optimized with the Yoast SEO plugin v27.4 - https:\/\/yoast.com\/product\/yoast-seo-wordpress\/ -->\n<title>Berwang im Sommer | Aparthotels Berwang Tirol Haus Cornelia Haus Wiesengrund<\/title>\n<meta name=\"robots\" content=\"index, follow, max-snippet:-1, max-image-preview:large, max-video-preview:-1\" \/>\n<link rel=\"canonical\" href=\"https:\/\/wiesengrundberwang.com\/de\/berwang-im-sommer-2\" \/>\n<meta property=\"og:locale\" content=\"de_DE\" \/>\n<meta property=\"og:type\" content=\"article\" \/>\n<meta property=\"og:title\" content=\"Berwang im Sommer | Aparthotels Berwang Tirol Haus Cornelia Haus Wiesengrund\" \/>\n<meta property=\"og:url\" content=\"https:\/\/wiesengrundberwang.com\/de\/berwang-im-sommer-2\" \/>\n<meta property=\"og:site_name\" content=\"Aparthotels Berwang Tirol Haus Cornelia Haus Wiesengrund\" \/>\n<meta property=\"article:publisher\" content=\"https:\/\/home\/ahberwang\/domains\/wiesengrundberwang.com\/public_html.facebook.com\/LandhausCornelia\" \/>\n<meta property=\"article:modified_time\" content=\"2024-09-09T14:39:54+00:00\" \/>\n<meta name=\"twitter:card\" content=\"summary_large_image\" \/>\n<meta name=\"twitter:label1\" content=\"Gesch\u00e4tzte Lesezeit\" \/>\n\t<meta name=\"twitter:data1\" content=\"3\u00a0Minuten\" \/>\n<script type=\"application\/ld+json\" class=\"yoast-schema-graph\">{\"@context\":\"https:\\\/\\\/schema.org\",\"@graph\":[{\"@type\":\"WebPage\",\"@id\":\"https:\\\/\\\/wiesengrundberwang.com\\\/de\\\/berwang-im-sommer-2\",\"url\":\"https:\\\/\\\/wiesengrundberwang.com\\\/de\\\/berwang-im-sommer-2\",\"name\":\"Berwang im Sommer | Aparthotels Berwang Tirol Haus Cornelia Haus Wiesengrund\",\"isPartOf\":{\"@id\":\"https:\\\/\\\/wiesengrundberwang.com\\\/#website\"},\"datePublished\":\"2023-12-13T23:44:38+00:00\",\"dateModified\":\"2024-09-09T14:39:54+00:00\",\"breadcrumb\":{\"@id\":\"https:\\\/\\\/wiesengrundberwang.com\\\/de\\\/berwang-im-sommer-2#breadcrumb\"},\"inLanguage\":\"de\",\"potentialAction\":[{\"@type\":\"ReadAction\",\"target\":[\"https:\\\/\\\/wiesengrundberwang.com\\\/de\\\/berwang-im-sommer-2\"]}]},{\"@type\":\"BreadcrumbList\",\"@id\":\"https:\\\/\\\/wiesengrundberwang.com\\\/de\\\/berwang-im-sommer-2#breadcrumb\",\"itemListElement\":[{\"@type\":\"ListItem\",\"position\":1,\"name\":\"Home\",\"item\":\"https:\\\/\\\/wiesengrundberwang.com\\\/de\"},{\"@type\":\"ListItem\",\"position\":2,\"name\":\"Berwang im Sommer\"}]},{\"@type\":\"WebSite\",\"@id\":\"https:\\\/\\\/wiesengrundberwang.com\\\/#website\",\"url\":\"https:\\\/\\\/wiesengrundberwang.com\\\/\",\"name\":\"Aparthotels Berwang Tirol Haus Cornelia Haus Wiesengrund\",\"description\":\"Aparthotels Berwang Tirol Haus Cornelia Haus Wiesengrund\",\"publisher\":{\"@id\":\"https:\\\/\\\/wiesengrundberwang.com\\\/#organization\"},\"potentialAction\":[{\"@type\":\"SearchAction\",\"target\":{\"@type\":\"EntryPoint\",\"urlTemplate\":\"https:\\\/\\\/wiesengrundberwang.com\\\/?s={search_term_string}\"},\"query-input\":{\"@type\":\"PropertyValueSpecification\",\"valueRequired\":true,\"valueName\":\"search_term_string\"}}],\"inLanguage\":\"de\"},{\"@type\":\"Organization\",\"@id\":\"https:\\\/\\\/wiesengrundberwang.com\\\/#organization\",\"name\":\"Apart Hotels Berwang\",\"url\":\"https:\\\/\\\/wiesengrundberwang.com\\\/\",\"logo\":{\"@type\":\"ImageObject\",\"inLanguage\":\"de\",\"@id\":\"https:\\\/\\\/wiesengrundberwang.com\\\/#\\\/schema\\\/logo\\\/image\\\/\",\"url\":\"https:\\\/\\\/wiesengrundberwang.com\\\/wp-content\\\/uploads\\\/2016\\\/02\\\/logo-ferien-idyll.jpg\",\"contentUrl\":\"https:\\\/\\\/wiesengrundberwang.com\\\/wp-content\\\/uploads\\\/2016\\\/02\\\/logo-ferien-idyll.jpg\",\"width\":287,\"height\":240,\"caption\":\"Apart Hotels Berwang\"},\"image\":{\"@id\":\"https:\\\/\\\/wiesengrundberwang.com\\\/#\\\/schema\\\/logo\\\/image\\\/\"},\"sameAs\":[\"https:\\\/\\\/home\\\/ahberwang\\\/domains\\\/wiesengrundberwang.com\\\/public_html.facebook.com\\\/LandhausCornelia\",\"https:\\\/\\\/home\\\/ahberwang\\\/domains\\\/wiesengrundberwang.com\\\/public_html.linkedin.com\\\/in\\\/jankees-dekker-28aa662b\"]}]}<\/script>\n<!-- \/ Yoast SEO plugin. -->","yoast_head_json":{"title":"Berwang im Sommer | Aparthotels Berwang Tirol Haus Cornelia Haus Wiesengrund","robots":{"index":"index","follow":"follow","max-snippet":"max-snippet:-1","max-image-preview":"max-image-preview:large","max-video-preview":"max-video-preview:-1"},"canonical":"https:\/\/wiesengrundberwang.com\/de\/berwang-im-sommer-2","og_locale":"de_DE","og_type":"article","og_title":"Berwang im Sommer | Aparthotels Berwang Tirol Haus Cornelia Haus Wiesengrund","og_url":"https:\/\/wiesengrundberwang.com\/de\/berwang-im-sommer-2","og_site_name":"Aparthotels Berwang Tirol Haus Cornelia Haus Wiesengrund","article_publisher":"https:\/\/home\/ahberwang\/domains\/wiesengrundberwang.com\/public_html.facebook.com\/LandhausCornelia","article_modified_time":"2024-09-09T14:39:54+00:00","twitter_card":"summary_large_image","twitter_misc":{"Gesch\u00e4tzte Lesezeit":"3\u00a0Minuten"},"schema":{"@context":"https:\/\/schema.org","@graph":[{"@type":"WebPage","@id":"https:\/\/wiesengrundberwang.com\/de\/berwang-im-sommer-2","url":"https:\/\/wiesengrundberwang.com\/de\/berwang-im-sommer-2","name":"Berwang im Sommer | Aparthotels Berwang Tirol Haus Cornelia Haus Wiesengrund","isPartOf":{"@id":"https:\/\/wiesengrundberwang.com\/#website"},"datePublished":"2023-12-13T23:44:38+00:00","dateModified":"2024-09-09T14:39:54+00:00","breadcrumb":{"@id":"https:\/\/wiesengrundberwang.com\/de\/berwang-im-sommer-2#breadcrumb"},"inLanguage":"de","potentialAction":[{"@type":"ReadAction","target":["https:\/\/wiesengrundberwang.com\/de\/berwang-im-sommer-2"]}]},{"@type":"BreadcrumbList","@id":"https:\/\/wiesengrundberwang.com\/de\/berwang-im-sommer-2#breadcrumb","itemListElement":[{"@type":"ListItem","position":1,"name":"Home","item":"https:\/\/wiesengrundberwang.com\/de"},{"@type":"ListItem","position":2,"name":"Berwang im Sommer"}]},{"@type":"WebSite","@id":"https:\/\/wiesengrundberwang.com\/#website","url":"https:\/\/wiesengrundberwang.com\/","name":"Aparthotels Berwang Tirol Haus Cornelia Haus Wiesengrund","description":"Aparthotels Berwang Tirol Haus Cornelia Haus Wiesengrund","publisher":{"@id":"https:\/\/wiesengrundberwang.com\/#organization"},"potentialAction":[{"@type":"SearchAction","target":{"@type":"EntryPoint","urlTemplate":"https:\/\/wiesengrundberwang.com\/?s={search_term_string}"},"query-input":{"@type":"PropertyValueSpecification","valueRequired":true,"valueName":"search_term_string"}}],"inLanguage":"de"},{"@type":"Organization","@id":"https:\/\/wiesengrundberwang.com\/#organization","name":"Apart Hotels Berwang","url":"https:\/\/wiesengrundberwang.com\/","logo":{"@type":"ImageObject","inLanguage":"de","@id":"https:\/\/wiesengrundberwang.com\/#\/schema\/logo\/image\/","url":"https:\/\/wiesengrundberwang.com\/wp-content\/uploads\/2016\/02\/logo-ferien-idyll.jpg","contentUrl":"https:\/\/wiesengrundberwang.com\/wp-content\/uploads\/2016\/02\/logo-ferien-idyll.jpg","width":287,"height":240,"caption":"Apart Hotels Berwang"},"image":{"@id":"https:\/\/wiesengrundberwang.com\/#\/schema\/logo\/image\/"},"sameAs":["https:\/\/home\/ahberwang\/domains\/wiesengrundberwang.com\/public_html.facebook.com\/LandhausCornelia","https:\/\/home\/ahberwang\/domains\/wiesengrundberwang.com\/public_html.linkedin.com\/in\/jankees-dekker-28aa662b"]}]}},"_links":{"self":[{"href":"https:\/\/wiesengrundberwang.com\/de\/wp-json\/wp\/v2\/pages\/4703","targetHints":{"allow":["GET"]}}],"collection":[{"href":"https:\/\/wiesengrundberwang.com\/de\/wp-json\/wp\/v2\/pages"}],"about":[{"href":"https:\/\/wiesengrundberwang.com\/de\/wp-json\/wp\/v2\/types\/page"}],"author":[{"embeddable":true,"href":"https:\/\/wiesengrundberwang.com\/de\/wp-json\/wp\/v2\/users\/9"}],"replies":[{"embeddable":true,"href":"https:\/\/wiesengrundberwang.com\/de\/wp-json\/wp\/v2\/comments?post=4703"}],"version-history":[{"count":7,"href":"https:\/\/wiesengrundberwang.com\/de\/wp-json\/wp\/v2\/pages\/4703\/revisions"}],"predecessor-version":[{"id":5151,"href":"https:\/\/wiesengrundberwang.com\/de\/wp-json\/wp\/v2\/pages\/4703\/revisions\/5151"}],"wp:attachment":[{"href":"https:\/\/wiesengrundberwang.com\/de\/wp-json\/wp\/v2\/media?parent=4703"}],"curies":[{"name":"wp","href":"https:\/\/api.w.org\/{rel}","templated":true}]}}